{"id":311,"date":"2019-01-21T19:06:29","date_gmt":"2019-01-21T19:06:29","guid":{"rendered":"http:\/\/zdigital.com.br\/z\/?page_id=311"},"modified":"2020-07-16T16:12:13","modified_gmt":"2020-07-16T16:12:13","slug":"impressao-digital-copias-laser-impressos-convites-tags-editorial","status":"publish","type":"page","link":"https:\/\/zdigital.com.br\/z\/impressao-digital-copias-laser-impressos-convites-tags-editorial\/","title":{"rendered":"Impress\u00e3o Digital"},"content":{"rendered":"<hr \/>\r\n<!-- Final Tiles Grid Gallery for WordPress v3.6.11 free --><style>#ftg-11 .tile { border: 5px solid #f1f1f2; }#ftg-11 .tile .icon { color:#ffffff; }#ftg-11 .ftg-items .loading-bar i { background:#ffffff; }#ftg-11 .ftg-items .loading-bar { background:#ffffff; }#ftg-11 .tile .icon { font-size:12px; }#ftg-11 .tile .icon { margin: -6px 0 0 -6px; }#ftg-11 .tile .caption-block .text-wrapper span.text { font-size:10px; }#ftg-11 .tile .caption-outside .text-wrapper span.text { font-size:10px; }#ftg-11 .tile .caption-block .text-wrapper span.title { font-size:12px; }#ftg-11 .tile .caption-outside .text-wrapper span.title { font-size:12px; }#ftg-11 .tile { background-color: #13484c; }#ftg-11 .tile .caption-block .text-wrapper span.text { color: #ffffff; }#ftg-11 .tile .caption-block .text-wrapper span.title { color: #ffffff; }#ftg-11 .tile .caption-outside .text-wrapper span.text { color: #ffffff; }#ftg-11 .tile .caption-outside .text-wrapper span.title { color: #ffffff; }#ftg-11 .tile .ftg-social a { color: #41c6c0; }#ftg-11 .tile .caption-block { transition-timing-function:ease; }#ftg-11 .tile .caption-block { transition-duration:0.25s; }#ftg-11 .tile .tile-inner:before { background-color: #2cd6d6; }#ftg-11 .tile .tile-inner:before { background-color: rgba(44, 214, 214, 0.8); }#ftg-11 .tile:hover img {-moz-transform: ;-webkit-transform: ;-o-transform: ;-ms-transform: ;transform: ;}<\/style><a name=\"1\"><\/a><div class=\"final-tiles-gallery  ftg-hover-enabled caption-inside  caption-none caption-middle caption-center\" id=\"ftg-11\" style=\"width: 100%\"><div class='ftg-items'><div class='loading-bar'><i><\/i><\/div><div  class='tile ftg-preload  '><a title=\"C\u00d3PIAS LASER COLORIDAS E P&amp;amp;B\"  rel='ftg-11'  class=' tile-inner  ' href='http:\/\/zdigital.com.br\/z\/copias\/' ><img alt='C\u00d3PIAS LASER COLORIDAS E P&amp;B' class='item skip-lazy' data-class='item' data-ftg-source='http:\/\/zdigital.com.br\/z\/wp-content\/uploads\/2019\/01\/ID-COPIAS-300x300.png' src='http:\/\/zdigital.com.br\/z\/wp-content\/uploads\/2019\/01\/ID-COPIAS-300x300.png' width='800' height='800' \/><div class='caption-block'><div class='text-wrapper'><span class='text'>C\u00d3PIAS LASER COLORIDAS E P&amp;B<\/span><\/div><\/div><\/a><div class='ftg-social'><\/div><\/div><div  class='tile ftg-preload  '><a title=\"CART\u00d5ES  FOLDERS  FLYERS  CARTAZES  L\u00c2MINAS\"  rel='ftg-11'  class=' tile-inner  ' href='http:\/\/zdigital.com.br\/z\/impressos\/' ><img alt='CART\u00d5ES  FOLDERS  FLYERS  CARTAZES  L\u00c2MINAS' class='item skip-lazy' data-class='item' data-ftg-source='http:\/\/zdigital.com.br\/z\/wp-content\/uploads\/2019\/01\/ID-IMPR-300x300.png' src='http:\/\/zdigital.com.br\/z\/wp-content\/uploads\/2019\/01\/ID-IMPR-300x300.png' width='800' height='800' \/><div class='caption-block'><div class='text-wrapper'><span class='text'>CART\u00d5ES  FOLDERS  FLYERS  CARTAZES  L\u00c2MINAS<\/span><\/div><\/div><\/a><div class='ftg-social'><\/div><\/div><div  class='tile ftg-preload  '><a title=\"MANUAIS BOLETINS LIVROS REVISTAS CAT\u00c1LOGOS\"  rel='ftg-11'  class=' tile-inner  ' href='http:\/\/zdigital.com.br\/z\/editorial\/' ><img alt='MANUAIS BOLETINS LIVROS REVISTAS CAT\u00c1LOGOS' class='item skip-lazy' data-class='item' data-ftg-source='http:\/\/zdigital.com.br\/z\/wp-content\/uploads\/2019\/01\/ID-EDIT-300x300.png' src='http:\/\/zdigital.com.br\/z\/wp-content\/uploads\/2019\/01\/ID-EDIT-300x300.png' width='800' height='800' \/><div class='caption-block'><div class='text-wrapper'><span class='text'>MANUAIS BOLETINS LIVROS REVISTAS CAT\u00c1LOGOS<\/span><\/div><\/div><\/a><div class='ftg-social'><\/div><\/div><div  class='tile ftg-preload  '><a title=\"BANNERS LONAS ADESIVOS VINIL RECORTE\"  rel='ftg-11'  class=' tile-inner  ' href='http:\/\/zdigital.com.br\/z\/comunicacao-visual\/' ><img alt='BANNERS LONAS ADESIVOS VINIL RECORTE' class='item skip-lazy' data-class='item' data-ftg-source='http:\/\/zdigital.com.br\/z\/wp-content\/uploads\/2019\/01\/ID-CV-300x300.png' src='http:\/\/zdigital.com.br\/z\/wp-content\/uploads\/2019\/01\/ID-CV-300x300.png' width='800' height='800' \/><div class='caption-block'><div class='text-wrapper'><span class='text'>BANNERS LONAS ADESIVOS VINIL RECORTE<\/span><\/div><\/div><\/a><div class='ftg-social'><\/div><\/div><div  class='tile ftg-preload  '><a title=\"FORMATURA CASAMENTO ANIVERS\u00c1RIO EVENTOS\"  rel='ftg-11'  class=' tile-inner  ' href='http:\/\/zdigital.com.br\/z\/convites\/' ><img alt='FORMATURA CASAMENTO ANIVERS\u00c1RIO EVENTOS' class='item skip-lazy' data-class='item' data-ftg-source='http:\/\/zdigital.com.br\/z\/wp-content\/uploads\/2019\/01\/ID-CONV-300x300.png' src='http:\/\/zdigital.com.br\/z\/wp-content\/uploads\/2019\/01\/ID-CONV-300x300.png' width='800' height='800' \/><div class='caption-block'><div class='text-wrapper'><span class='text'>FORMATURA CASAMENTO ANIVERS\u00c1RIO EVENTOS<\/span><\/div><\/div><\/a><div class='ftg-social'><\/div><\/div><div  class='tile ftg-preload  '><a title=\"FORMUL\u00c1RIOS PASTAS ENVELOPES FOLHAS\"  rel='ftg-11'  class=' tile-inner  ' href='http:\/\/zdigital.com.br\/z\/material%20de%20expediente\/' ><img alt='FORMUL\u00c1RIOS PASTAS ENVELOPES FOLHAS' class='item skip-lazy' data-class='item' data-ftg-source='http:\/\/zdigital.com.br\/z\/wp-content\/uploads\/2019\/01\/ID-MAT-EX-1-300x300.png' src='http:\/\/zdigital.com.br\/z\/wp-content\/uploads\/2019\/01\/ID-MAT-EX-1-300x300.png' width='800' height='800' \/><div class='caption-block'><div class='text-wrapper'><span class='text'>FORMUL\u00c1RIOS PASTAS ENVELOPES FOLHAS<\/span><\/div><\/div><\/a><div class='ftg-social'><\/div><\/div><div  class='tile ftg-preload  '><a title=\"ETIQUETAS ADESIVAS TAGS ROTULOS\"  rel='ftg-11'  class=' tile-inner  ' href='http:\/\/zdigital.com.br\/z\/tags-etiquetas\/' ><img alt='ETIQUETAS ADESIVAS TAGS ROTULOS' class='item skip-lazy' data-class='item' data-ftg-source='http:\/\/zdigital.com.br\/z\/wp-content\/uploads\/2019\/01\/ID-TAG-1-300x300.png' src='http:\/\/zdigital.com.br\/z\/wp-content\/uploads\/2019\/01\/ID-TAG-1-300x300.png' width='800' height='800' \/><div class='caption-block'><div class='text-wrapper'><span class='text'>ETIQUETAS ADESIVAS TAGS ROTULOS<\/span><\/div><\/div><\/a><div class='ftg-social'><\/div><\/div><div  class='tile ftg-preload  '><a title=\"ENCADERNA\u00c7\u00c3O ESPIRAL WIRE-O PLASTIFICA\u00c7\u00c3O\"  rel='ftg-11'  class=' tile-inner  ' href='http:\/\/zdigital.com.br\/z\/acabamentos\/' ><img alt='ENCADERNA\u00c7\u00c3O ESPIRAL WIRE-O PLASTIFICA\u00c7\u00c3O' class='item skip-lazy' data-class='item' data-ftg-source='http:\/\/zdigital.com.br\/z\/wp-content\/uploads\/2019\/01\/ID-ACAB-300x300.png' src='http:\/\/zdigital.com.br\/z\/wp-content\/uploads\/2019\/01\/ID-ACAB-300x300.png' width='800' height='800' \/><div class='caption-block'><div class='text-wrapper'><span class='text'>ENCADERNA\u00c7\u00c3O ESPIRAL WIRE-O PLASTIFICA\u00c7\u00c3O<\/span><\/div><\/div><\/a><div class='ftg-social'><\/div><\/div><\/div><\/div>\r\n\r\n\r\n\r\n<p>&nbsp;<\/p>\r\n\r\n<p style=\"text-align: justify;\"><img loading=\"lazy\" decoding=\"async\" class=\"wp-image-1662 alignright\" src=\"https:\/\/zdigital.com.br\/z\/wp-content\/uploads\/2019\/01\/Konika-284e-B-176x300.png\" alt=\"\" width=\"91\" height=\"155\" srcset=\"https:\/\/zdigital.com.br\/z\/wp-content\/uploads\/2019\/01\/Konika-284e-B-176x300.png 176w, https:\/\/zdigital.com.br\/z\/wp-content\/uploads\/2019\/01\/Konika-284e-B.png 426w\" sizes=\"auto, (max-width: 91px) 100vw, 91px\" \/><\/p>\r\n<p style=\"text-align: justify;\">A Zdigital utiliza equipamentos Konica Minolta para impress\u00e3o digital. Modernas e atualizadas as impressoras KM possuem \u00f3tima qualidade de impress\u00e3o, utilizando diversos tipos de papel com gramaturas at\u00e9 300g. O formato de sa\u00edda \u00e9 320X460mm, sendo a \u00e1rea \u00fatil de impress\u00e3o 310X445mm. Possui recurso de imprimir banner at\u00e9 o formato 297X1200mm.\u00a0\u00a0<\/p>\r\n<h3 style=\"text-align: left;\"><span style=\"color: #008080;\">SOB DEMANDA<\/span><\/h3>\r\n<p style=\"text-align: left;\">A impress\u00e3o sob demanda permite a escolha das quantidades que se deseja imprimir. Planejando a impress\u00e3o frequente o usu\u00e1rio n\u00e3o precisa imprimir grandes quantidades de uma vez.<\/p>\r\n<h3 style=\"text-align: left;\"><span style=\"color: #008080;\">DADOS VARI\u00c1VEIS<\/span><\/h3>\r\n<p style=\"text-align: left;\">A impress\u00e3o de dados vari\u00e1veis permite a personaliza\u00e7\u00e3o dos impressos. O usu\u00e1rio pode substituir dados que ser\u00e3o vari\u00e1veis para um grupo de pessoas, por exemplo.\u00a0<\/p>\r\n<h3 style=\"text-align: left;\"><span style=\"color: #008080;\">PAPEIS<\/span><\/h3>\r\n<p style=\"text-align: left;\">Podem ser utilizados diversos tipos de papel com gramaturas at\u00e9 300g.<\/p>\r\n<h4 style=\"text-align: left; padding-left: 30px;\"><span style=\"color: #333399;\"><img loading=\"lazy\" decoding=\"async\" class=\"wp-image-1732 alignleft\" src=\"https:\/\/zdigital.com.br\/z\/wp-content\/uploads\/2019\/01\/P-OffSet-300x300.jpg\" alt=\"\" width=\"99\" height=\"158\" \/>OFFSET \/ SULFITE<\/span><\/h4>\r\n<p style=\"text-align: left; padding-left: 30px;\">Papel com fibras,\u00a0 fosco e poroso, n\u00e3o borra ao escrever. Ideal para <br \/>impress\u00e3o de NF, formul\u00e1rios, cat\u00e1logos. \u00c9 bastante firme mesmo<br \/>nas gramaturas mais baixas (53\/75g).<\/p>\r\n<p>&nbsp;<\/p>\r\n<h4 style=\"text-align: left; padding-left: 30px;\"><span style=\"color: #333399;\"><img loading=\"lazy\" decoding=\"async\" class=\"wp-image-1728 alignleft\" src=\"https:\/\/zdigital.com.br\/z\/wp-content\/uploads\/2019\/01\/P-Couche-300x300.jpg\" alt=\"\" width=\"102\" height=\"102\" srcset=\"https:\/\/zdigital.com.br\/z\/wp-content\/uploads\/2019\/01\/P-Couche-300x300.jpg 300w, https:\/\/zdigital.com.br\/z\/wp-content\/uploads\/2019\/01\/P-Couche-150x150.jpg 150w, https:\/\/zdigital.com.br\/z\/wp-content\/uploads\/2019\/01\/P-Couche.jpg 598w\" sizes=\"auto, (max-width: 102px) 100vw, 102px\" \/><\/span><\/h4>\r\n<h4 style=\"text-align: left; padding-left: 30px;\"><span style=\"color: #333399;\">COUCHE<\/span><\/h4>\r\n<p style=\"text-align: left; padding-left: 30px;\">Papel revestido, bastante liso, permite a impress\u00e3o de qualidade com <br \/>excelente apresenta\u00e7\u00e3o. Ideal para impress\u00e3o de qualidade. Pode ser <br \/>brilho ou fosco, gramaturas de 115 \u00e0 300g.<\/p>\r\n<p>&nbsp;<\/p>\r\n<h4 style=\"text-align: left; padding-left: 30px;\"><span style=\"color: #333399;\"><img loading=\"lazy\" decoding=\"async\" class=\"wp-image-1724 alignleft\" src=\"https:\/\/zdigital.com.br\/z\/wp-content\/uploads\/2019\/01\/P-Adesivo-F-300x300.jpg\" alt=\"\" width=\"102\" height=\"102\" srcset=\"https:\/\/zdigital.com.br\/z\/wp-content\/uploads\/2019\/01\/P-Adesivo-F-300x300.jpg 300w, https:\/\/zdigital.com.br\/z\/wp-content\/uploads\/2019\/01\/P-Adesivo-F-150x150.jpg 150w, https:\/\/zdigital.com.br\/z\/wp-content\/uploads\/2019\/01\/P-Adesivo-F.jpg 598w\" sizes=\"auto, (max-width: 102px) 100vw, 102px\" \/><\/span><\/h4>\r\n<h4 style=\"text-align: left; padding-left: 30px;\"><span style=\"color: #333399;\">ADESIVO<\/span><\/h4>\r\n<p style=\"text-align: left; padding-left: 30px;\">Papel adesivo, fosco ou semi brilho, gramatura de 150g. Pode ter diferentes <br \/>densidade de adesivo, podendo ter aplica\u00e7\u00f5es mais variadas. \u00c9 poss\u00edvel <br \/>estampar para impress\u00e3o de etiquetas.<\/p>\r\n<h4>\u00a0<\/h4>\r\n<h4 style=\"text-align: left; padding-left: 30px;\"><span style=\"color: #333399;\"><img loading=\"lazy\" decoding=\"async\" class=\"wp-image-1728 alignleft\" src=\"https:\/\/zdigital.com.br\/z\/wp-content\/uploads\/2019\/01\/P-Couche-300x300.jpg\" alt=\"\" width=\"102\" height=\"165\" \/>DUPLEX \/ TRIPLEX \/ SUPREMO*<\/span><\/h4>\r\n<p style=\"text-align: left; padding-left: 150px;\">Papel revestido, com bom suporte para materiais que necessitem de <br \/>rigidez como por exemplo pastas e embalagens. Gramaturas de 180 \u00e0 <br \/>450g**. Duplex uma face, Supreme e Triplex duas faces.<\/p>\r\n<p>&nbsp;<\/p>\r\n<h4 style=\"text-align: left; padding-left: 30px;\"><span style=\"color: #333399;\"><img loading=\"lazy\" decoding=\"async\" class=\"wp-image-1729 alignleft\" src=\"https:\/\/zdigital.com.br\/z\/wp-content\/uploads\/2019\/01\/P-Kraft-300x300.jpg\" alt=\"\" width=\"104\" height=\"104\" srcset=\"https:\/\/zdigital.com.br\/z\/wp-content\/uploads\/2019\/01\/P-Kraft-300x300.jpg 300w, https:\/\/zdigital.com.br\/z\/wp-content\/uploads\/2019\/01\/P-Kraft-150x150.jpg 150w, https:\/\/zdigital.com.br\/z\/wp-content\/uploads\/2019\/01\/P-Kraft.jpg 598w\" sizes=\"auto, (max-width: 104px) 100vw, 104px\" \/><\/span><\/h4>\r\n<h4 style=\"text-align: left; padding-left: 30px;\"><span style=\"color: #333399;\">KRAFT<\/span><\/h4>\r\n<p style=\"text-align: left; padding-left: 30px;\">Papel fosco e poroso, com bom suporte para materiais que necessitem <br \/>de rigidez como por exemplo pastas e embalagens. Gramaturas de 120 <br \/>\u00e0 450g**. Tem a cor marrom, deve se usar cores escuras na impress\u00e3o.<\/p>\r\n<p>&nbsp;<\/p>\r\n<h4 style=\"text-align: left; padding-left: 30px;\"><span style=\"color: #333399;\"><img loading=\"lazy\" decoding=\"async\" class=\"wp-image-1733 alignleft\" src=\"https:\/\/zdigital.com.br\/z\/wp-content\/uploads\/2019\/01\/P-Reciclato-300x300.jpg\" alt=\"\" width=\"102\" height=\"102\" srcset=\"https:\/\/zdigital.com.br\/z\/wp-content\/uploads\/2019\/01\/P-Reciclato-300x300.jpg 300w, https:\/\/zdigital.com.br\/z\/wp-content\/uploads\/2019\/01\/P-Reciclato-150x150.jpg 150w, https:\/\/zdigital.com.br\/z\/wp-content\/uploads\/2019\/01\/P-Reciclato.jpg 598w\" sizes=\"auto, (max-width: 102px) 100vw, 102px\" \/>RECICLATO<\/span><\/h4>\r\n<p style=\"text-align: left; padding-left: 30px;\">Papel fosco e poroso, que simula a apresenta\u00e7\u00e3o de papeis reciclados, <br \/>na cor marrom acinzentado, com fibras e marcas. Gramaturas de 120 <br \/>\u00e0 300g. H\u00e1 interfer\u00eancia no resultado final, principalmente nas cores.<\/p>\r\n<p>&nbsp;<\/p>\r\n<h4 style=\"text-align: left; padding-left: 30px;\"><span style=\"color: #333399;\"><img loading=\"lazy\" decoding=\"async\" class=\"wp-image-1730 alignleft\" src=\"https:\/\/zdigital.com.br\/z\/wp-content\/uploads\/2019\/01\/P-Linho-300x300.jpg\" alt=\"\" width=\"102\" height=\"102\" srcset=\"https:\/\/zdigital.com.br\/z\/wp-content\/uploads\/2019\/01\/P-Linho-300x300.jpg 300w, https:\/\/zdigital.com.br\/z\/wp-content\/uploads\/2019\/01\/P-Linho-150x150.jpg 150w, https:\/\/zdigital.com.br\/z\/wp-content\/uploads\/2019\/01\/P-Linho.jpg 598w\" sizes=\"auto, (max-width: 102px) 100vw, 102px\" \/>TEXTURIZADOS<\/span><\/h4>\r\n<p style=\"text-align: left; padding-left: 30px;\">Papeis revestidos, com textura mec\u00e2nica (que marca o papel pelo m\u00e9todo <br \/>de press\u00e3o). Linho, telado, casca de ovo, craquelado, estuque, canelado, <br \/>verg\u00ea e outros. S\u00e3o papeis revestidos, em gramaturas de 120 \u00e0 250g.<\/p>\r\n<p>&nbsp;<\/p>\r\n<h4 style=\"text-align: left; padding-left: 30px;\"><span style=\"color: #333399;\"><img loading=\"lazy\" decoding=\"async\" class=\"wp-image-1731 alignleft\" src=\"https:\/\/zdigital.com.br\/z\/wp-content\/uploads\/2019\/01\/P-Majorca-300x300.jpg\" alt=\"\" width=\"104\" height=\"151\" \/>ESPECIAIS<\/span><\/h4>\r\n<p style=\"text-align: left; padding-left: 30px;\">Existem in\u00fameros tipos de papeis especiais, Metalizados, Texturizados. <br \/>Cada fabricante possui uma linha, n\u00e3o h\u00e1 um padr\u00e3o, tem que se analisar <br \/>as caracter\u00edsticas f\u00edsicas do papel para verificar se haver\u00e1 condi\u00e7\u00f5es <br \/>t\u00e9cnicas de utiliza\u00e7\u00e3o em impressoras digitais.<\/p>\r\n<p style=\"padding-left: 30px; text-align: center;\"><a class=\"maxbutton-9 maxbutton maxbutton-retorna-servicos\" title=\"Retorna\" href=\"http:\/\/zdigital.com.br\/z\/servicos\/\"><span class='mb-text'>RETORNA<\/span><\/a> <\/p>\r\n<h6 style=\"text-align: left; padding-left: 40px;\">\u00a0 \u00a0 \u00a0 <span style=\"color: #808080;\">\u00a0 * Supremo \u00e9 uma marca registrada de papel n\u00e3o \u00e9 um tipo.<\/span><br \/><br \/><span style=\"color: #808080;\">\u00a0 \u00a0 \u00a0 \u00a0 ** As gramaturas acima de 300g n\u00e3o podem ser impressos em nossos equipamentos, <\/span><br \/><span style=\"color: #808080;\">\u00a0 \u00a0 \u00a0 \u00a0 \u00a0 \u00a0 \u00a0mas podem ser utilizadas em determinadas aplica\u00e7\u00f5es como suporte quando <\/span><br \/><span style=\"color: #808080;\">\u00a0 \u00a0 \u00a0 \u00a0 \u00a0 \u00a0 \u00a0n\u00e3o houver impress\u00e3o.<\/span><\/h6>","protected":false},"excerpt":{"rendered":"<p>&nbsp; A Zdigital utiliza equipamentos Konica Minolta para impress\u00e3o digital. Modernas e atualizadas as impressoras KM possuem \u00f3tima qualidade de impress\u00e3o, utilizando diversos tipos de papel com gramaturas at\u00e9 300g. O formato de sa\u00edda \u00e9 320X460mm, sendo a \u00e1rea \u00fatil <a href=\"https:\/\/zdigital.com.br\/z\/impressao-digital-copias-laser-impressos-convites-tags-editorial\/\"><\/p>\n<div class=\"read-more\">\n<p>Read more &#8250;<\/p>\n<\/div>\n<p><!-- end of .read-more --><\/a><\/p>\n","protected":false},"author":1,"featured_media":0,"parent":0,"menu_order":0,"comment_status":"closed","ping_status":"closed","template":"","meta":{"footnotes":""},"class_list":["post-311","page","type-page","status-publish","hentry"],"yoast_head":"<!-- This site is optimized with the Yoast SEO plugin v27.0 - https:\/\/yoast.com\/product\/yoast-seo-wordpress\/ -->\n<title>Impress\u00e3o Digital - Zdigital Zdigital Impress\u00e3o Digital % Impress\u00e3o Digital<\/title>\n<meta name=\"description\" content=\"Zdigital Zdigital Impress\u00e3o Digital impress\u00e3o digital printer impress\u00e3o = Impress\u00e3o Digital Zdigital Impress\u00e3o Digital Impress\u00e3o Digital Zdigital\" \/>\n<meta name=\"robots\" content=\"index, follow, max-snippet:-1, max-image-preview:large, max-video-preview:-1\" \/>\n<link rel=\"canonical\" href=\"https:\/\/zdigital.com.br\/z\/impressao-digital-copias-laser-impressos-convites-tags-editorial\/\" \/>\n<meta property=\"og:locale\" content=\"pt_BR\" \/>\n<meta property=\"og:type\" content=\"article\" \/>\n<meta property=\"og:title\" content=\"Impress\u00e3o Digital - Zdigital Zdigital Impress\u00e3o Digital % Impress\u00e3o Digital\" \/>\n<meta property=\"og:description\" content=\"Zdigital Zdigital Impress\u00e3o Digital impress\u00e3o digital printer impress\u00e3o = Impress\u00e3o Digital Zdigital Impress\u00e3o Digital Impress\u00e3o Digital Zdigital\" \/>\n<meta property=\"og:url\" content=\"https:\/\/zdigital.com.br\/z\/impressao-digital-copias-laser-impressos-convites-tags-editorial\/\" \/>\n<meta property=\"og:site_name\" content=\"Zdigital\" \/>\n<meta property=\"article:modified_time\" content=\"2020-07-16T16:12:13+00:00\" \/>\n<meta property=\"og:image\" content=\"http:\/\/zdigital.com.br\/z\/wp-content\/uploads\/2019\/01\/Konika-284e-B-176x300.png\" \/>\n<meta name=\"twitter:card\" content=\"summary_large_image\" \/>\n<meta name=\"twitter:site\" content=\"@zdigit\" \/>\n<meta name=\"twitter:label1\" content=\"Est. tempo de leitura\" \/>\n\t<meta name=\"twitter:data1\" content=\"2 minutos\" \/>\n<script type=\"application\/ld+json\" class=\"yoast-schema-graph\">{\"@context\":\"https:\/\/schema.org\",\"@graph\":[{\"@type\":\"WebPage\",\"@id\":\"https:\/\/zdigital.com.br\/z\/impressao-digital-copias-laser-impressos-convites-tags-editorial\/\",\"url\":\"https:\/\/zdigital.com.br\/z\/impressao-digital-copias-laser-impressos-convites-tags-editorial\/\",\"name\":\"Impress\u00e3o Digital - Zdigital Zdigital Impress\u00e3o Digital % Impress\u00e3o Digital\",\"isPartOf\":{\"@id\":\"https:\/\/zdigital.com.br\/z\/#website\"},\"primaryImageOfPage\":{\"@id\":\"https:\/\/zdigital.com.br\/z\/impressao-digital-copias-laser-impressos-convites-tags-editorial\/#primaryimage\"},\"image\":{\"@id\":\"https:\/\/zdigital.com.br\/z\/impressao-digital-copias-laser-impressos-convites-tags-editorial\/#primaryimage\"},\"thumbnailUrl\":\"http:\/\/zdigital.com.br\/z\/wp-content\/uploads\/2019\/01\/Konika-284e-B-176x300.png\",\"datePublished\":\"2019-01-21T19:06:29+00:00\",\"dateModified\":\"2020-07-16T16:12:13+00:00\",\"description\":\"Zdigital Zdigital Impress\u00e3o Digital impress\u00e3o digital printer impress\u00e3o = Impress\u00e3o Digital Zdigital Impress\u00e3o Digital Impress\u00e3o Digital Zdigital\",\"breadcrumb\":{\"@id\":\"https:\/\/zdigital.com.br\/z\/impressao-digital-copias-laser-impressos-convites-tags-editorial\/#breadcrumb\"},\"inLanguage\":\"pt-BR\",\"potentialAction\":[{\"@type\":\"ReadAction\",\"target\":[\"https:\/\/zdigital.com.br\/z\/impressao-digital-copias-laser-impressos-convites-tags-editorial\/\"]}]},{\"@type\":\"ImageObject\",\"inLanguage\":\"pt-BR\",\"@id\":\"https:\/\/zdigital.com.br\/z\/impressao-digital-copias-laser-impressos-convites-tags-editorial\/#primaryimage\",\"url\":\"http:\/\/zdigital.com.br\/z\/wp-content\/uploads\/2019\/01\/Konika-284e-B-176x300.png\",\"contentUrl\":\"http:\/\/zdigital.com.br\/z\/wp-content\/uploads\/2019\/01\/Konika-284e-B-176x300.png\"},{\"@type\":\"BreadcrumbList\",\"@id\":\"https:\/\/zdigital.com.br\/z\/impressao-digital-copias-laser-impressos-convites-tags-editorial\/#breadcrumb\",\"itemListElement\":[{\"@type\":\"ListItem\",\"position\":1,\"name\":\"In\u00edcio\",\"item\":\"https:\/\/zdigital.com.br\/z\/\"},{\"@type\":\"ListItem\",\"position\":2,\"name\":\"Impress\u00e3o Digital\"}]},{\"@type\":\"WebSite\",\"@id\":\"https:\/\/zdigital.com.br\/z\/#website\",\"url\":\"https:\/\/zdigital.com.br\/z\/\",\"name\":\"Zdigital\",\"description\":\"Graphics\",\"potentialAction\":[{\"@type\":\"SearchAction\",\"target\":{\"@type\":\"EntryPoint\",\"urlTemplate\":\"https:\/\/zdigital.com.br\/z\/?s={search_term_string}\"},\"query-input\":{\"@type\":\"PropertyValueSpecification\",\"valueRequired\":true,\"valueName\":\"search_term_string\"}}],\"inLanguage\":\"pt-BR\"}]}<\/script>\n<!-- \/ Yoast SEO plugin. -->","yoast_head_json":{"title":"Impress\u00e3o Digital - Zdigital Zdigital Impress\u00e3o Digital % Impress\u00e3o Digital","description":"Zdigital Zdigital Impress\u00e3o Digital impress\u00e3o digital printer impress\u00e3o = Impress\u00e3o Digital Zdigital Impress\u00e3o Digital Impress\u00e3o Digital Zdigital","robots":{"index":"index","follow":"follow","max-snippet":"max-snippet:-1","max-image-preview":"max-image-preview:large","max-video-preview":"max-video-preview:-1"},"canonical":"https:\/\/zdigital.com.br\/z\/impressao-digital-copias-laser-impressos-convites-tags-editorial\/","og_locale":"pt_BR","og_type":"article","og_title":"Impress\u00e3o Digital - Zdigital Zdigital Impress\u00e3o Digital % Impress\u00e3o Digital","og_description":"Zdigital Zdigital Impress\u00e3o Digital impress\u00e3o digital printer impress\u00e3o = Impress\u00e3o Digital Zdigital Impress\u00e3o Digital Impress\u00e3o Digital Zdigital","og_url":"https:\/\/zdigital.com.br\/z\/impressao-digital-copias-laser-impressos-convites-tags-editorial\/","og_site_name":"Zdigital","article_modified_time":"2020-07-16T16:12:13+00:00","og_image":[{"url":"http:\/\/zdigital.com.br\/z\/wp-content\/uploads\/2019\/01\/Konika-284e-B-176x300.png","type":"","width":"","height":""}],"twitter_card":"summary_large_image","twitter_site":"@zdigit","twitter_misc":{"Est. tempo de leitura":"2 minutos"},"schema":{"@context":"https:\/\/schema.org","@graph":[{"@type":"WebPage","@id":"https:\/\/zdigital.com.br\/z\/impressao-digital-copias-laser-impressos-convites-tags-editorial\/","url":"https:\/\/zdigital.com.br\/z\/impressao-digital-copias-laser-impressos-convites-tags-editorial\/","name":"Impress\u00e3o Digital - Zdigital Zdigital Impress\u00e3o Digital % Impress\u00e3o Digital","isPartOf":{"@id":"https:\/\/zdigital.com.br\/z\/#website"},"primaryImageOfPage":{"@id":"https:\/\/zdigital.com.br\/z\/impressao-digital-copias-laser-impressos-convites-tags-editorial\/#primaryimage"},"image":{"@id":"https:\/\/zdigital.com.br\/z\/impressao-digital-copias-laser-impressos-convites-tags-editorial\/#primaryimage"},"thumbnailUrl":"http:\/\/zdigital.com.br\/z\/wp-content\/uploads\/2019\/01\/Konika-284e-B-176x300.png","datePublished":"2019-01-21T19:06:29+00:00","dateModified":"2020-07-16T16:12:13+00:00","description":"Zdigital Zdigital Impress\u00e3o Digital impress\u00e3o digital printer impress\u00e3o = Impress\u00e3o Digital Zdigital Impress\u00e3o Digital Impress\u00e3o Digital Zdigital","breadcrumb":{"@id":"https:\/\/zdigital.com.br\/z\/impressao-digital-copias-laser-impressos-convites-tags-editorial\/#breadcrumb"},"inLanguage":"pt-BR","potentialAction":[{"@type":"ReadAction","target":["https:\/\/zdigital.com.br\/z\/impressao-digital-copias-laser-impressos-convites-tags-editorial\/"]}]},{"@type":"ImageObject","inLanguage":"pt-BR","@id":"https:\/\/zdigital.com.br\/z\/impressao-digital-copias-laser-impressos-convites-tags-editorial\/#primaryimage","url":"http:\/\/zdigital.com.br\/z\/wp-content\/uploads\/2019\/01\/Konika-284e-B-176x300.png","contentUrl":"http:\/\/zdigital.com.br\/z\/wp-content\/uploads\/2019\/01\/Konika-284e-B-176x300.png"},{"@type":"BreadcrumbList","@id":"https:\/\/zdigital.com.br\/z\/impressao-digital-copias-laser-impressos-convites-tags-editorial\/#breadcrumb","itemListElement":[{"@type":"ListItem","position":1,"name":"In\u00edcio","item":"https:\/\/zdigital.com.br\/z\/"},{"@type":"ListItem","position":2,"name":"Impress\u00e3o Digital"}]},{"@type":"WebSite","@id":"https:\/\/zdigital.com.br\/z\/#website","url":"https:\/\/zdigital.com.br\/z\/","name":"Zdigital","description":"Graphics","potentialAction":[{"@type":"SearchAction","target":{"@type":"EntryPoint","urlTemplate":"https:\/\/zdigital.com.br\/z\/?s={search_term_string}"},"query-input":{"@type":"PropertyValueSpecification","valueRequired":true,"valueName":"search_term_string"}}],"inLanguage":"pt-BR"}]}},"_links":{"self":[{"href":"https:\/\/zdigital.com.br\/z\/wp-json\/wp\/v2\/pages\/311","targetHints":{"allow":["GET"]}}],"collection":[{"href":"https:\/\/zdigital.com.br\/z\/wp-json\/wp\/v2\/pages"}],"about":[{"href":"https:\/\/zdigital.com.br\/z\/wp-json\/wp\/v2\/types\/page"}],"author":[{"embeddable":true,"href":"https:\/\/zdigital.com.br\/z\/wp-json\/wp\/v2\/users\/1"}],"replies":[{"embeddable":true,"href":"https:\/\/zdigital.com.br\/z\/wp-json\/wp\/v2\/comments?post=311"}],"version-history":[{"count":115,"href":"https:\/\/zdigital.com.br\/z\/wp-json\/wp\/v2\/pages\/311\/revisions"}],"predecessor-version":[{"id":2314,"href":"https:\/\/zdigital.com.br\/z\/wp-json\/wp\/v2\/pages\/311\/revisions\/2314"}],"wp:attachment":[{"href":"https:\/\/zdigital.com.br\/z\/wp-json\/wp\/v2\/media?parent=311"}],"curies":[{"name":"wp","href":"https:\/\/api.w.org\/{rel}","templated":true}]}}