{"id":2069,"date":"2020-06-04T13:39:34","date_gmt":"2020-06-04T13:39:34","guid":{"rendered":"http:\/\/zdigital.com.br\/z\/?page_id=2069"},"modified":"2020-06-12T17:03:17","modified_gmt":"2020-06-12T17:03:17","slug":"editorial","status":"publish","type":"page","link":"https:\/\/zdigital.com.br\/z\/editorial\/","title":{"rendered":"Editorial"},"content":{"rendered":"<hr \/>\n<p style=\"text-align: center;\">Impress\u00e3o Digital de Revistas, Cat\u00e1logos, Boletins e Livros.<\/p>\n<p><img loading=\"lazy\" decoding=\"async\" class=\"aligncenter wp-image-2089 size-full\" title=\"Editorial\" src=\"https:\/\/zdigital.com.br\/z\/wp-content\/uploads\/2020\/06\/Mag-Livros.png\" alt=\"Magazines, Livros, Cat\u00e1logos e Boletins\" width=\"1899\" height=\"430\" srcset=\"https:\/\/zdigital.com.br\/z\/wp-content\/uploads\/2020\/06\/Mag-Livros.png 1899w, https:\/\/zdigital.com.br\/z\/wp-content\/uploads\/2020\/06\/Mag-Livros-300x68.png 300w, https:\/\/zdigital.com.br\/z\/wp-content\/uploads\/2020\/06\/Mag-Livros-1024x232.png 1024w, https:\/\/zdigital.com.br\/z\/wp-content\/uploads\/2020\/06\/Mag-Livros-768x174.png 768w, https:\/\/zdigital.com.br\/z\/wp-content\/uploads\/2020\/06\/Mag-Livros-1536x348.png 1536w\" sizes=\"auto, (max-width: 1899px) 100vw, 1899px\" \/><\/p>\n<p style=\"text-align: center;\">Impress\u00e3o digital de impressos editoriais, como boletins informativos,<br \/>\nlivros, cat\u00e1logos e revistas.<br \/>\n<span style=\"color: #008080;\">Acabamentos:<\/span> Brochura, espiral, wire-o ou grampo. <a href=\"https:\/\/zdigital.com.br\/z\/acabamentos\/\"><span style=\"color: #33cccc;\">Veja aqui.<\/span><\/a><\/p>\n<p style=\"text-align: center;\"><a class=\"maxbutton-6 maxbutton maxbutton-retorna\" title=\"Retorna ao n\u00edvel anterior\" href=\"\"><span class='mb-text'>RETORNA<\/span><\/a><\/p>\n","protected":false},"excerpt":{"rendered":"<p>Impress\u00e3o Digital de Revistas, Cat\u00e1logos, Boletins e Livros. Impress\u00e3o digital de impressos editoriais, como boletins informativos, livros, cat\u00e1logos e revistas. Acabamentos: Brochura, espiral, wire-o ou grampo. Veja aqui.<\/p>\n","protected":false},"author":1,"featured_media":0,"parent":0,"menu_order":0,"comment_status":"closed","ping_status":"closed","template":"","meta":{"footnotes":""},"class_list":["post-2069","page","type-page","status-publish","hentry"],"yoast_head":"<!-- This site is optimized with the Yoast SEO plugin v27.0 - https:\/\/yoast.com\/product\/yoast-seo-wordpress\/ -->\n<title>Editorial - Zdigital<\/title>\n<meta name=\"robots\" content=\"index, follow, max-snippet:-1, max-image-preview:large, max-video-preview:-1\" \/>\n<link rel=\"canonical\" href=\"https:\/\/zdigital.com.br\/z\/editorial\/\" \/>\n<meta property=\"og:locale\" content=\"pt_BR\" \/>\n<meta property=\"og:type\" content=\"article\" \/>\n<meta property=\"og:title\" content=\"Editorial - Zdigital\" \/>\n<meta property=\"og:description\" content=\"Impress\u00e3o Digital de Revistas, Cat\u00e1logos, Boletins e Livros. Impress\u00e3o digital de impressos editoriais, como boletins informativos, livros, cat\u00e1logos e revistas. Acabamentos: Brochura, espiral, wire-o ou grampo. Veja aqui.\" \/>\n<meta property=\"og:url\" content=\"https:\/\/zdigital.com.br\/z\/editorial\/\" \/>\n<meta property=\"og:site_name\" content=\"Zdigital\" \/>\n<meta property=\"article:modified_time\" content=\"2020-06-12T17:03:17+00:00\" \/>\n<meta property=\"og:image\" content=\"http:\/\/zdigital.com.br\/z\/wp-content\/uploads\/2020\/06\/Mag-Livros.png\" \/>\n<meta name=\"twitter:card\" content=\"summary_large_image\" \/>\n<meta name=\"twitter:site\" content=\"@zdigit\" \/>\n<script type=\"application\/ld+json\" class=\"yoast-schema-graph\">{\"@context\":\"https:\/\/schema.org\",\"@graph\":[{\"@type\":\"WebPage\",\"@id\":\"https:\/\/zdigital.com.br\/z\/editorial\/\",\"url\":\"https:\/\/zdigital.com.br\/z\/editorial\/\",\"name\":\"Editorial - Zdigital\",\"isPartOf\":{\"@id\":\"https:\/\/zdigital.com.br\/z\/#website\"},\"primaryImageOfPage\":{\"@id\":\"https:\/\/zdigital.com.br\/z\/editorial\/#primaryimage\"},\"image\":{\"@id\":\"https:\/\/zdigital.com.br\/z\/editorial\/#primaryimage\"},\"thumbnailUrl\":\"http:\/\/zdigital.com.br\/z\/wp-content\/uploads\/2020\/06\/Mag-Livros.png\",\"datePublished\":\"2020-06-04T13:39:34+00:00\",\"dateModified\":\"2020-06-12T17:03:17+00:00\",\"breadcrumb\":{\"@id\":\"https:\/\/zdigital.com.br\/z\/editorial\/#breadcrumb\"},\"inLanguage\":\"pt-BR\",\"potentialAction\":[{\"@type\":\"ReadAction\",\"target\":[\"https:\/\/zdigital.com.br\/z\/editorial\/\"]}]},{\"@type\":\"ImageObject\",\"inLanguage\":\"pt-BR\",\"@id\":\"https:\/\/zdigital.com.br\/z\/editorial\/#primaryimage\",\"url\":\"http:\/\/zdigital.com.br\/z\/wp-content\/uploads\/2020\/06\/Mag-Livros.png\",\"contentUrl\":\"http:\/\/zdigital.com.br\/z\/wp-content\/uploads\/2020\/06\/Mag-Livros.png\"},{\"@type\":\"BreadcrumbList\",\"@id\":\"https:\/\/zdigital.com.br\/z\/editorial\/#breadcrumb\",\"itemListElement\":[{\"@type\":\"ListItem\",\"position\":1,\"name\":\"In\u00edcio\",\"item\":\"https:\/\/zdigital.com.br\/z\/\"},{\"@type\":\"ListItem\",\"position\":2,\"name\":\"Editorial\"}]},{\"@type\":\"WebSite\",\"@id\":\"https:\/\/zdigital.com.br\/z\/#website\",\"url\":\"https:\/\/zdigital.com.br\/z\/\",\"name\":\"Zdigital\",\"description\":\"Graphics\",\"potentialAction\":[{\"@type\":\"SearchAction\",\"target\":{\"@type\":\"EntryPoint\",\"urlTemplate\":\"https:\/\/zdigital.com.br\/z\/?s={search_term_string}\"},\"query-input\":{\"@type\":\"PropertyValueSpecification\",\"valueRequired\":true,\"valueName\":\"search_term_string\"}}],\"inLanguage\":\"pt-BR\"}]}<\/script>\n<!-- \/ Yoast SEO plugin. -->","yoast_head_json":{"title":"Editorial - Zdigital","robots":{"index":"index","follow":"follow","max-snippet":"max-snippet:-1","max-image-preview":"max-image-preview:large","max-video-preview":"max-video-preview:-1"},"canonical":"https:\/\/zdigital.com.br\/z\/editorial\/","og_locale":"pt_BR","og_type":"article","og_title":"Editorial - Zdigital","og_description":"Impress\u00e3o Digital de Revistas, Cat\u00e1logos, Boletins e Livros. Impress\u00e3o digital de impressos editoriais, como boletins informativos, livros, cat\u00e1logos e revistas. Acabamentos: Brochura, espiral, wire-o ou grampo. Veja aqui.","og_url":"https:\/\/zdigital.com.br\/z\/editorial\/","og_site_name":"Zdigital","article_modified_time":"2020-06-12T17:03:17+00:00","og_image":[{"url":"http:\/\/zdigital.com.br\/z\/wp-content\/uploads\/2020\/06\/Mag-Livros.png","type":"","width":"","height":""}],"twitter_card":"summary_large_image","twitter_site":"@zdigit","schema":{"@context":"https:\/\/schema.org","@graph":[{"@type":"WebPage","@id":"https:\/\/zdigital.com.br\/z\/editorial\/","url":"https:\/\/zdigital.com.br\/z\/editorial\/","name":"Editorial - Zdigital","isPartOf":{"@id":"https:\/\/zdigital.com.br\/z\/#website"},"primaryImageOfPage":{"@id":"https:\/\/zdigital.com.br\/z\/editorial\/#primaryimage"},"image":{"@id":"https:\/\/zdigital.com.br\/z\/editorial\/#primaryimage"},"thumbnailUrl":"http:\/\/zdigital.com.br\/z\/wp-content\/uploads\/2020\/06\/Mag-Livros.png","datePublished":"2020-06-04T13:39:34+00:00","dateModified":"2020-06-12T17:03:17+00:00","breadcrumb":{"@id":"https:\/\/zdigital.com.br\/z\/editorial\/#breadcrumb"},"inLanguage":"pt-BR","potentialAction":[{"@type":"ReadAction","target":["https:\/\/zdigital.com.br\/z\/editorial\/"]}]},{"@type":"ImageObject","inLanguage":"pt-BR","@id":"https:\/\/zdigital.com.br\/z\/editorial\/#primaryimage","url":"http:\/\/zdigital.com.br\/z\/wp-content\/uploads\/2020\/06\/Mag-Livros.png","contentUrl":"http:\/\/zdigital.com.br\/z\/wp-content\/uploads\/2020\/06\/Mag-Livros.png"},{"@type":"BreadcrumbList","@id":"https:\/\/zdigital.com.br\/z\/editorial\/#breadcrumb","itemListElement":[{"@type":"ListItem","position":1,"name":"In\u00edcio","item":"https:\/\/zdigital.com.br\/z\/"},{"@type":"ListItem","position":2,"name":"Editorial"}]},{"@type":"WebSite","@id":"https:\/\/zdigital.com.br\/z\/#website","url":"https:\/\/zdigital.com.br\/z\/","name":"Zdigital","description":"Graphics","potentialAction":[{"@type":"SearchAction","target":{"@type":"EntryPoint","urlTemplate":"https:\/\/zdigital.com.br\/z\/?s={search_term_string}"},"query-input":{"@type":"PropertyValueSpecification","valueRequired":true,"valueName":"search_term_string"}}],"inLanguage":"pt-BR"}]}},"_links":{"self":[{"href":"https:\/\/zdigital.com.br\/z\/wp-json\/wp\/v2\/pages\/2069","targetHints":{"allow":["GET"]}}],"collection":[{"href":"https:\/\/zdigital.com.br\/z\/wp-json\/wp\/v2\/pages"}],"about":[{"href":"https:\/\/zdigital.com.br\/z\/wp-json\/wp\/v2\/types\/page"}],"author":[{"embeddable":true,"href":"https:\/\/zdigital.com.br\/z\/wp-json\/wp\/v2\/users\/1"}],"replies":[{"embeddable":true,"href":"https:\/\/zdigital.com.br\/z\/wp-json\/wp\/v2\/comments?post=2069"}],"version-history":[{"count":12,"href":"https:\/\/zdigital.com.br\/z\/wp-json\/wp\/v2\/pages\/2069\/revisions"}],"predecessor-version":[{"id":2111,"href":"https:\/\/zdigital.com.br\/z\/wp-json\/wp\/v2\/pages\/2069\/revisions\/2111"}],"wp:attachment":[{"href":"https:\/\/zdigital.com.br\/z\/wp-json\/wp\/v2\/media?parent=2069"}],"curies":[{"name":"wp","href":"https:\/\/api.w.org\/{rel}","templated":true}]}}