{"id":1886,"date":"2019-10-30T13:59:25","date_gmt":"2019-10-30T13:59:25","guid":{"rendered":"http:\/\/zdigital.com.br\/z\/?page_id=1886"},"modified":"2019-10-31T13:27:24","modified_gmt":"2019-10-31T13:27:24","slug":"copias","status":"publish","type":"page","link":"https:\/\/zdigital.com.br\/z\/copias\/","title":{"rendered":"C\u00f3pias"},"content":{"rendered":"<hr \/>\n<p style=\"text-align: left;\"><span style=\"color: #008080;\"><img loading=\"lazy\" decoding=\"async\" class=\"size-full wp-image-1958 aligncenter\" src=\"https:\/\/zdigital.com.br\/z\/wp-content\/uploads\/2019\/10\/c-copia.png\" alt=\"\" width=\"1600\" height=\"2087\" srcset=\"https:\/\/zdigital.com.br\/z\/wp-content\/uploads\/2019\/10\/c-copia.png 1600w, https:\/\/zdigital.com.br\/z\/wp-content\/uploads\/2019\/10\/c-copia-230x300.png 230w, https:\/\/zdigital.com.br\/z\/wp-content\/uploads\/2019\/10\/c-copia-768x1002.png 768w, https:\/\/zdigital.com.br\/z\/wp-content\/uploads\/2019\/10\/c-copia-785x1024.png 785w\" sizes=\"auto, (max-width: 1600px) 100vw, 1600px\" \/><\/span><\/p>\n<hr \/>\n<p style=\"text-align: center;\">*Esses s\u00e3o os formatos mais conhecidos. Consulte para outros formatos.<br \/>\n*Os papeis especiais est\u00e3o sujeitos a disponibilidade no distribuidor<\/p>\n<p>Se voc\u00ea quiser saber como gerar um arquivo corretamente.<br \/>\nBaixe o manual de fechamento de arquivos. <a href=\"https:\/\/zdigital.com.br\/z\/wp-content\/uploads\/2019\/10\/Manual-PDFX4.pdf\" target=\"_blank\" rel=\"noopener noreferrer\">Aqui.<\/a><\/p>\n<a class=\"maxbutton-6 maxbutton maxbutton-retorna\" title=\"Retorna ao n\u00edvel anterior\" href=\"\"><span class='mb-text'>RETORNA<\/span><\/a>\n","protected":false},"excerpt":{"rendered":"<p>*Esses s\u00e3o os formatos mais conhecidos. Consulte para outros formatos. *Os papeis especiais est\u00e3o sujeitos a disponibilidade no distribuidor Se voc\u00ea quiser saber como gerar um arquivo corretamente. Baixe o manual de fechamento de arquivos. Aqui.<\/p>\n","protected":false},"author":1,"featured_media":0,"parent":0,"menu_order":0,"comment_status":"closed","ping_status":"closed","template":"","meta":{"footnotes":""},"class_list":["post-1886","page","type-page","status-publish","hentry"],"yoast_head":"<!-- This site is optimized with the Yoast SEO plugin v27.0 - https:\/\/yoast.com\/product\/yoast-seo-wordpress\/ -->\n<title>C\u00f3pias - Zdigital<\/title>\n<meta name=\"robots\" content=\"index, follow, max-snippet:-1, max-image-preview:large, max-video-preview:-1\" \/>\n<link rel=\"canonical\" href=\"https:\/\/zdigital.com.br\/z\/copias\/\" \/>\n<meta property=\"og:locale\" content=\"pt_BR\" \/>\n<meta property=\"og:type\" content=\"article\" \/>\n<meta property=\"og:title\" content=\"C\u00f3pias - Zdigital\" \/>\n<meta property=\"og:description\" content=\"*Esses s\u00e3o os formatos mais conhecidos. Consulte para outros formatos. *Os papeis especiais est\u00e3o sujeitos a disponibilidade no distribuidor Se voc\u00ea quiser saber como gerar um arquivo corretamente. Baixe o manual de fechamento de arquivos. Aqui.\" \/>\n<meta property=\"og:url\" content=\"https:\/\/zdigital.com.br\/z\/copias\/\" \/>\n<meta property=\"og:site_name\" content=\"Zdigital\" \/>\n<meta property=\"article:modified_time\" content=\"2019-10-31T13:27:24+00:00\" \/>\n<meta property=\"og:image\" content=\"http:\/\/zdigital.com.br\/z\/wp-content\/uploads\/2019\/10\/c-copia.png\" \/>\n<meta name=\"twitter:card\" content=\"summary_large_image\" \/>\n<meta name=\"twitter:site\" content=\"@zdigit\" \/>\n<script type=\"application\/ld+json\" class=\"yoast-schema-graph\">{\"@context\":\"https:\/\/schema.org\",\"@graph\":[{\"@type\":\"WebPage\",\"@id\":\"https:\/\/zdigital.com.br\/z\/copias\/\",\"url\":\"https:\/\/zdigital.com.br\/z\/copias\/\",\"name\":\"C\u00f3pias - Zdigital\",\"isPartOf\":{\"@id\":\"https:\/\/zdigital.com.br\/z\/#website\"},\"primaryImageOfPage\":{\"@id\":\"https:\/\/zdigital.com.br\/z\/copias\/#primaryimage\"},\"image\":{\"@id\":\"https:\/\/zdigital.com.br\/z\/copias\/#primaryimage\"},\"thumbnailUrl\":\"http:\/\/zdigital.com.br\/z\/wp-content\/uploads\/2019\/10\/c-copia.png\",\"datePublished\":\"2019-10-30T13:59:25+00:00\",\"dateModified\":\"2019-10-31T13:27:24+00:00\",\"breadcrumb\":{\"@id\":\"https:\/\/zdigital.com.br\/z\/copias\/#breadcrumb\"},\"inLanguage\":\"pt-BR\",\"potentialAction\":[{\"@type\":\"ReadAction\",\"target\":[\"https:\/\/zdigital.com.br\/z\/copias\/\"]}]},{\"@type\":\"ImageObject\",\"inLanguage\":\"pt-BR\",\"@id\":\"https:\/\/zdigital.com.br\/z\/copias\/#primaryimage\",\"url\":\"http:\/\/zdigital.com.br\/z\/wp-content\/uploads\/2019\/10\/c-copia.png\",\"contentUrl\":\"http:\/\/zdigital.com.br\/z\/wp-content\/uploads\/2019\/10\/c-copia.png\"},{\"@type\":\"BreadcrumbList\",\"@id\":\"https:\/\/zdigital.com.br\/z\/copias\/#breadcrumb\",\"itemListElement\":[{\"@type\":\"ListItem\",\"position\":1,\"name\":\"In\u00edcio\",\"item\":\"https:\/\/zdigital.com.br\/z\/\"},{\"@type\":\"ListItem\",\"position\":2,\"name\":\"C\u00f3pias\"}]},{\"@type\":\"WebSite\",\"@id\":\"https:\/\/zdigital.com.br\/z\/#website\",\"url\":\"https:\/\/zdigital.com.br\/z\/\",\"name\":\"Zdigital\",\"description\":\"Graphics\",\"potentialAction\":[{\"@type\":\"SearchAction\",\"target\":{\"@type\":\"EntryPoint\",\"urlTemplate\":\"https:\/\/zdigital.com.br\/z\/?s={search_term_string}\"},\"query-input\":{\"@type\":\"PropertyValueSpecification\",\"valueRequired\":true,\"valueName\":\"search_term_string\"}}],\"inLanguage\":\"pt-BR\"}]}<\/script>\n<!-- \/ Yoast SEO plugin. -->","yoast_head_json":{"title":"C\u00f3pias - Zdigital","robots":{"index":"index","follow":"follow","max-snippet":"max-snippet:-1","max-image-preview":"max-image-preview:large","max-video-preview":"max-video-preview:-1"},"canonical":"https:\/\/zdigital.com.br\/z\/copias\/","og_locale":"pt_BR","og_type":"article","og_title":"C\u00f3pias - Zdigital","og_description":"*Esses s\u00e3o os formatos mais conhecidos. Consulte para outros formatos. *Os papeis especiais est\u00e3o sujeitos a disponibilidade no distribuidor Se voc\u00ea quiser saber como gerar um arquivo corretamente. Baixe o manual de fechamento de arquivos. Aqui.","og_url":"https:\/\/zdigital.com.br\/z\/copias\/","og_site_name":"Zdigital","article_modified_time":"2019-10-31T13:27:24+00:00","og_image":[{"url":"http:\/\/zdigital.com.br\/z\/wp-content\/uploads\/2019\/10\/c-copia.png","type":"","width":"","height":""}],"twitter_card":"summary_large_image","twitter_site":"@zdigit","schema":{"@context":"https:\/\/schema.org","@graph":[{"@type":"WebPage","@id":"https:\/\/zdigital.com.br\/z\/copias\/","url":"https:\/\/zdigital.com.br\/z\/copias\/","name":"C\u00f3pias - Zdigital","isPartOf":{"@id":"https:\/\/zdigital.com.br\/z\/#website"},"primaryImageOfPage":{"@id":"https:\/\/zdigital.com.br\/z\/copias\/#primaryimage"},"image":{"@id":"https:\/\/zdigital.com.br\/z\/copias\/#primaryimage"},"thumbnailUrl":"http:\/\/zdigital.com.br\/z\/wp-content\/uploads\/2019\/10\/c-copia.png","datePublished":"2019-10-30T13:59:25+00:00","dateModified":"2019-10-31T13:27:24+00:00","breadcrumb":{"@id":"https:\/\/zdigital.com.br\/z\/copias\/#breadcrumb"},"inLanguage":"pt-BR","potentialAction":[{"@type":"ReadAction","target":["https:\/\/zdigital.com.br\/z\/copias\/"]}]},{"@type":"ImageObject","inLanguage":"pt-BR","@id":"https:\/\/zdigital.com.br\/z\/copias\/#primaryimage","url":"http:\/\/zdigital.com.br\/z\/wp-content\/uploads\/2019\/10\/c-copia.png","contentUrl":"http:\/\/zdigital.com.br\/z\/wp-content\/uploads\/2019\/10\/c-copia.png"},{"@type":"BreadcrumbList","@id":"https:\/\/zdigital.com.br\/z\/copias\/#breadcrumb","itemListElement":[{"@type":"ListItem","position":1,"name":"In\u00edcio","item":"https:\/\/zdigital.com.br\/z\/"},{"@type":"ListItem","position":2,"name":"C\u00f3pias"}]},{"@type":"WebSite","@id":"https:\/\/zdigital.com.br\/z\/#website","url":"https:\/\/zdigital.com.br\/z\/","name":"Zdigital","description":"Graphics","potentialAction":[{"@type":"SearchAction","target":{"@type":"EntryPoint","urlTemplate":"https:\/\/zdigital.com.br\/z\/?s={search_term_string}"},"query-input":{"@type":"PropertyValueSpecification","valueRequired":true,"valueName":"search_term_string"}}],"inLanguage":"pt-BR"}]}},"_links":{"self":[{"href":"https:\/\/zdigital.com.br\/z\/wp-json\/wp\/v2\/pages\/1886","targetHints":{"allow":["GET"]}}],"collection":[{"href":"https:\/\/zdigital.com.br\/z\/wp-json\/wp\/v2\/pages"}],"about":[{"href":"https:\/\/zdigital.com.br\/z\/wp-json\/wp\/v2\/types\/page"}],"author":[{"embeddable":true,"href":"https:\/\/zdigital.com.br\/z\/wp-json\/wp\/v2\/users\/1"}],"replies":[{"embeddable":true,"href":"https:\/\/zdigital.com.br\/z\/wp-json\/wp\/v2\/comments?post=1886"}],"version-history":[{"count":45,"href":"https:\/\/zdigital.com.br\/z\/wp-json\/wp\/v2\/pages\/1886\/revisions"}],"predecessor-version":[{"id":1960,"href":"https:\/\/zdigital.com.br\/z\/wp-json\/wp\/v2\/pages\/1886\/revisions\/1960"}],"wp:attachment":[{"href":"https:\/\/zdigital.com.br\/z\/wp-json\/wp\/v2\/media?parent=1886"}],"curies":[{"name":"wp","href":"https:\/\/api.w.org\/{rel}","templated":true}]}}