{"id":1826,"date":"2019-02-07T19:51:26","date_gmt":"2019-02-07T19:51:26","guid":{"rendered":"http:\/\/zdigital.com.br\/z\/?page_id=1826"},"modified":"2021-05-07T18:59:25","modified_gmt":"2021-05-07T18:59:25","slug":"editoracao-eletronica","status":"publish","type":"page","link":"https:\/\/zdigital.com.br\/z\/editoracao-eletronica\/","title":{"rendered":"Editora\u00e7\u00e3o Eletr\u00f4nica"},"content":{"rendered":"<h4 style=\"text-align: left;\"><span style=\"color: #008080;\"><img loading=\"lazy\" decoding=\"async\" class=\"alignnone  wp-image-2326\" src=\"https:\/\/zdigital.com.br\/z\/wp-content\/uploads\/2021\/05\/@Zd-Caderno-Brochura-300x279.png\" alt=\"\" width=\"161\" height=\"149\" srcset=\"https:\/\/zdigital.com.br\/z\/wp-content\/uploads\/2021\/05\/@Zd-Caderno-Brochura-300x279.png 300w, https:\/\/zdigital.com.br\/z\/wp-content\/uploads\/2021\/05\/@Zd-Caderno-Brochura-768x715.png 768w, https:\/\/zdigital.com.br\/z\/wp-content\/uploads\/2021\/05\/@Zd-Caderno-Brochura.png 800w\" sizes=\"auto, (max-width: 161px) 100vw, 161px\" \/>\u00c1REA T\u00c9CNICA<\/span><\/h4>\n<p style=\"text-align: left;\">Edi\u00e7\u00e3o e diagrama\u00e7\u00e3o de ilustra\u00e7\u00f5es, cat\u00e1logos, portf\u00f3lios, manuais t\u00e9cnicos, livros t\u00e9cnicos e brochuras.<\/p>\n<p>&nbsp;<\/p>\n<p>&nbsp;<\/p>\n<h4><img loading=\"lazy\" decoding=\"async\" class=\"wp-image-2003  alignright\" src=\"https:\/\/zdigital.com.br\/z\/wp-content\/uploads\/2020\/04\/Graphics-Folder-300x152.png\" alt=\"\" width=\"392\" height=\"199\" srcset=\"https:\/\/zdigital.com.br\/z\/wp-content\/uploads\/2020\/04\/Graphics-Folder-300x152.png 300w, https:\/\/zdigital.com.br\/z\/wp-content\/uploads\/2020\/04\/Graphics-Folder-1024x521.png 1024w, https:\/\/zdigital.com.br\/z\/wp-content\/uploads\/2020\/04\/Graphics-Folder-768x390.png 768w, https:\/\/zdigital.com.br\/z\/wp-content\/uploads\/2020\/04\/Graphics-Folder-1536x781.png 1536w, https:\/\/zdigital.com.br\/z\/wp-content\/uploads\/2020\/04\/Graphics-Folder-2048x1041.png 2048w\" sizes=\"auto, (max-width: 392px) 100vw, 392px\" \/><\/h4>\n<h4>\u00a0<\/h4>\n<h4 style=\"text-align: right;\"><span style=\"color: #008080;\">\u00c1REA PUBLICIDADE\/MARKETING<\/span><\/h4>\n<p style=\"text-align: right;\">Edi\u00e7\u00e3o e diagrama\u00e7\u00e3o de pe\u00e7as gr\u00e1ficas para \u00e1rea p\/m, an\u00fancios, informativos, cat\u00e1logos e materiais institucionais, folders, flyers e brochuras.<\/p>\n<p>&nbsp;<\/p>\n<p><img loading=\"lazy\" decoding=\"async\" class=\"wp-image-1989 aligncenter\" src=\"https:\/\/zdigital.com.br\/z\/wp-content\/uploads\/2020\/04\/Brochures.png\" alt=\"\" width=\"463\" height=\"250\" srcset=\"https:\/\/zdigital.com.br\/z\/wp-content\/uploads\/2020\/04\/Brochures.png 1500w, https:\/\/zdigital.com.br\/z\/wp-content\/uploads\/2020\/04\/Brochures-300x162.png 300w, https:\/\/zdigital.com.br\/z\/wp-content\/uploads\/2020\/04\/Brochures-1024x552.png 1024w, https:\/\/zdigital.com.br\/z\/wp-content\/uploads\/2020\/04\/Brochures-768x414.png 768w\" sizes=\"auto, (max-width: 463px) 100vw, 463px\" \/><\/p>\n<h4 style=\"text-align: left;\"><span style=\"color: #008080;\">\u00c1REA EDITORIAL<\/span><\/h4>\n<p style=\"text-align: left;\">Projeto gr\u00e1fico, edi\u00e7\u00e3o e diagrama\u00e7\u00e3o de livros, jornais, revistas e boletins informativos. Gera\u00e7\u00e3o de arquivos para impress\u00e3o, PDF, e-book, texto ou imagem.<\/p>\n<p style=\"text-align: center;\"><a class=\"maxbutton-9 maxbutton maxbutton-retorna-servicos\" title=\"Retorna\" href=\"http:\/\/zdigital.com.br\/z\/servicos\/\"><span class='mb-text'>RETORNA<\/span><\/a><\/p>\n<p>&nbsp;<\/p>\n","protected":false},"excerpt":{"rendered":"<p>\u00c1REA T\u00c9CNICA Edi\u00e7\u00e3o e diagrama\u00e7\u00e3o de ilustra\u00e7\u00f5es, cat\u00e1logos, portf\u00f3lios, manuais t\u00e9cnicos, livros t\u00e9cnicos e brochuras. &nbsp; &nbsp; \u00a0 \u00c1REA PUBLICIDADE\/MARKETING Edi\u00e7\u00e3o e diagrama\u00e7\u00e3o de pe\u00e7as gr\u00e1ficas para \u00e1rea p\/m, an\u00fancios, informativos, cat\u00e1logos e materiais institucionais, folders, flyers e brochuras. &nbsp; <a href=\"https:\/\/zdigital.com.br\/z\/editoracao-eletronica\/\"><\/p>\n<div class=\"read-more\">\n<p>Read more &#8250;<\/p>\n<\/div>\n<p><!-- end of .read-more --><\/a><\/p>\n","protected":false},"author":1,"featured_media":0,"parent":0,"menu_order":0,"comment_status":"closed","ping_status":"closed","template":"","meta":{"footnotes":""},"class_list":["post-1826","page","type-page","status-publish","hentry"],"yoast_head":"<!-- This site is optimized with the Yoast SEO plugin v27.0 - https:\/\/yoast.com\/product\/yoast-seo-wordpress\/ -->\n<title>Editora\u00e7\u00e3o Eletr\u00f4nica - Zdigital<\/title>\n<meta name=\"robots\" content=\"index, follow, max-snippet:-1, max-image-preview:large, max-video-preview:-1\" \/>\n<link rel=\"canonical\" href=\"https:\/\/zdigital.com.br\/z\/editoracao-eletronica\/\" \/>\n<meta property=\"og:locale\" content=\"pt_BR\" \/>\n<meta property=\"og:type\" content=\"article\" \/>\n<meta property=\"og:title\" content=\"Editora\u00e7\u00e3o Eletr\u00f4nica - Zdigital\" \/>\n<meta property=\"og:description\" content=\"\u00c1REA T\u00c9CNICA Edi\u00e7\u00e3o e diagrama\u00e7\u00e3o de ilustra\u00e7\u00f5es, cat\u00e1logos, portf\u00f3lios, manuais t\u00e9cnicos, livros t\u00e9cnicos e brochuras. &nbsp; &nbsp; \u00a0 \u00c1REA PUBLICIDADE\/MARKETING Edi\u00e7\u00e3o e diagrama\u00e7\u00e3o de pe\u00e7as gr\u00e1ficas para \u00e1rea p\/m, an\u00fancios, informativos, cat\u00e1logos e materiais institucionais, folders, flyers e brochuras. &nbsp; Read more &#8250;\" \/>\n<meta property=\"og:url\" content=\"https:\/\/zdigital.com.br\/z\/editoracao-eletronica\/\" \/>\n<meta property=\"og:site_name\" content=\"Zdigital\" \/>\n<meta property=\"article:modified_time\" content=\"2021-05-07T18:59:25+00:00\" \/>\n<meta property=\"og:image\" content=\"http:\/\/zdigital.com.br\/z\/wp-content\/uploads\/2021\/05\/@Zd-Caderno-Brochura-300x279.png\" \/>\n<meta name=\"twitter:card\" content=\"summary_large_image\" \/>\n<meta name=\"twitter:site\" content=\"@zdigit\" \/>\n<script type=\"application\/ld+json\" class=\"yoast-schema-graph\">{\"@context\":\"https:\/\/schema.org\",\"@graph\":[{\"@type\":\"WebPage\",\"@id\":\"https:\/\/zdigital.com.br\/z\/editoracao-eletronica\/\",\"url\":\"https:\/\/zdigital.com.br\/z\/editoracao-eletronica\/\",\"name\":\"Editora\u00e7\u00e3o Eletr\u00f4nica - Zdigital\",\"isPartOf\":{\"@id\":\"https:\/\/zdigital.com.br\/z\/#website\"},\"primaryImageOfPage\":{\"@id\":\"https:\/\/zdigital.com.br\/z\/editoracao-eletronica\/#primaryimage\"},\"image\":{\"@id\":\"https:\/\/zdigital.com.br\/z\/editoracao-eletronica\/#primaryimage\"},\"thumbnailUrl\":\"http:\/\/zdigital.com.br\/z\/wp-content\/uploads\/2021\/05\/@Zd-Caderno-Brochura-300x279.png\",\"datePublished\":\"2019-02-07T19:51:26+00:00\",\"dateModified\":\"2021-05-07T18:59:25+00:00\",\"breadcrumb\":{\"@id\":\"https:\/\/zdigital.com.br\/z\/editoracao-eletronica\/#breadcrumb\"},\"inLanguage\":\"pt-BR\",\"potentialAction\":[{\"@type\":\"ReadAction\",\"target\":[\"https:\/\/zdigital.com.br\/z\/editoracao-eletronica\/\"]}]},{\"@type\":\"ImageObject\",\"inLanguage\":\"pt-BR\",\"@id\":\"https:\/\/zdigital.com.br\/z\/editoracao-eletronica\/#primaryimage\",\"url\":\"http:\/\/zdigital.com.br\/z\/wp-content\/uploads\/2021\/05\/@Zd-Caderno-Brochura-300x279.png\",\"contentUrl\":\"http:\/\/zdigital.com.br\/z\/wp-content\/uploads\/2021\/05\/@Zd-Caderno-Brochura-300x279.png\"},{\"@type\":\"BreadcrumbList\",\"@id\":\"https:\/\/zdigital.com.br\/z\/editoracao-eletronica\/#breadcrumb\",\"itemListElement\":[{\"@type\":\"ListItem\",\"position\":1,\"name\":\"In\u00edcio\",\"item\":\"https:\/\/zdigital.com.br\/z\/\"},{\"@type\":\"ListItem\",\"position\":2,\"name\":\"Editora\u00e7\u00e3o Eletr\u00f4nica\"}]},{\"@type\":\"WebSite\",\"@id\":\"https:\/\/zdigital.com.br\/z\/#website\",\"url\":\"https:\/\/zdigital.com.br\/z\/\",\"name\":\"Zdigital\",\"description\":\"Graphics\",\"potentialAction\":[{\"@type\":\"SearchAction\",\"target\":{\"@type\":\"EntryPoint\",\"urlTemplate\":\"https:\/\/zdigital.com.br\/z\/?s={search_term_string}\"},\"query-input\":{\"@type\":\"PropertyValueSpecification\",\"valueRequired\":true,\"valueName\":\"search_term_string\"}}],\"inLanguage\":\"pt-BR\"}]}<\/script>\n<!-- \/ Yoast SEO plugin. -->","yoast_head_json":{"title":"Editora\u00e7\u00e3o Eletr\u00f4nica - Zdigital","robots":{"index":"index","follow":"follow","max-snippet":"max-snippet:-1","max-image-preview":"max-image-preview:large","max-video-preview":"max-video-preview:-1"},"canonical":"https:\/\/zdigital.com.br\/z\/editoracao-eletronica\/","og_locale":"pt_BR","og_type":"article","og_title":"Editora\u00e7\u00e3o Eletr\u00f4nica - Zdigital","og_description":"\u00c1REA T\u00c9CNICA Edi\u00e7\u00e3o e diagrama\u00e7\u00e3o de ilustra\u00e7\u00f5es, cat\u00e1logos, portf\u00f3lios, manuais t\u00e9cnicos, livros t\u00e9cnicos e brochuras. &nbsp; &nbsp; \u00a0 \u00c1REA PUBLICIDADE\/MARKETING Edi\u00e7\u00e3o e diagrama\u00e7\u00e3o de pe\u00e7as gr\u00e1ficas para \u00e1rea p\/m, an\u00fancios, informativos, cat\u00e1logos e materiais institucionais, folders, flyers e brochuras. &nbsp; Read more &#8250;","og_url":"https:\/\/zdigital.com.br\/z\/editoracao-eletronica\/","og_site_name":"Zdigital","article_modified_time":"2021-05-07T18:59:25+00:00","og_image":[{"url":"http:\/\/zdigital.com.br\/z\/wp-content\/uploads\/2021\/05\/@Zd-Caderno-Brochura-300x279.png","type":"","width":"","height":""}],"twitter_card":"summary_large_image","twitter_site":"@zdigit","schema":{"@context":"https:\/\/schema.org","@graph":[{"@type":"WebPage","@id":"https:\/\/zdigital.com.br\/z\/editoracao-eletronica\/","url":"https:\/\/zdigital.com.br\/z\/editoracao-eletronica\/","name":"Editora\u00e7\u00e3o Eletr\u00f4nica - Zdigital","isPartOf":{"@id":"https:\/\/zdigital.com.br\/z\/#website"},"primaryImageOfPage":{"@id":"https:\/\/zdigital.com.br\/z\/editoracao-eletronica\/#primaryimage"},"image":{"@id":"https:\/\/zdigital.com.br\/z\/editoracao-eletronica\/#primaryimage"},"thumbnailUrl":"http:\/\/zdigital.com.br\/z\/wp-content\/uploads\/2021\/05\/@Zd-Caderno-Brochura-300x279.png","datePublished":"2019-02-07T19:51:26+00:00","dateModified":"2021-05-07T18:59:25+00:00","breadcrumb":{"@id":"https:\/\/zdigital.com.br\/z\/editoracao-eletronica\/#breadcrumb"},"inLanguage":"pt-BR","potentialAction":[{"@type":"ReadAction","target":["https:\/\/zdigital.com.br\/z\/editoracao-eletronica\/"]}]},{"@type":"ImageObject","inLanguage":"pt-BR","@id":"https:\/\/zdigital.com.br\/z\/editoracao-eletronica\/#primaryimage","url":"http:\/\/zdigital.com.br\/z\/wp-content\/uploads\/2021\/05\/@Zd-Caderno-Brochura-300x279.png","contentUrl":"http:\/\/zdigital.com.br\/z\/wp-content\/uploads\/2021\/05\/@Zd-Caderno-Brochura-300x279.png"},{"@type":"BreadcrumbList","@id":"https:\/\/zdigital.com.br\/z\/editoracao-eletronica\/#breadcrumb","itemListElement":[{"@type":"ListItem","position":1,"name":"In\u00edcio","item":"https:\/\/zdigital.com.br\/z\/"},{"@type":"ListItem","position":2,"name":"Editora\u00e7\u00e3o Eletr\u00f4nica"}]},{"@type":"WebSite","@id":"https:\/\/zdigital.com.br\/z\/#website","url":"https:\/\/zdigital.com.br\/z\/","name":"Zdigital","description":"Graphics","potentialAction":[{"@type":"SearchAction","target":{"@type":"EntryPoint","urlTemplate":"https:\/\/zdigital.com.br\/z\/?s={search_term_string}"},"query-input":{"@type":"PropertyValueSpecification","valueRequired":true,"valueName":"search_term_string"}}],"inLanguage":"pt-BR"}]}},"_links":{"self":[{"href":"https:\/\/zdigital.com.br\/z\/wp-json\/wp\/v2\/pages\/1826","targetHints":{"allow":["GET"]}}],"collection":[{"href":"https:\/\/zdigital.com.br\/z\/wp-json\/wp\/v2\/pages"}],"about":[{"href":"https:\/\/zdigital.com.br\/z\/wp-json\/wp\/v2\/types\/page"}],"author":[{"embeddable":true,"href":"https:\/\/zdigital.com.br\/z\/wp-json\/wp\/v2\/users\/1"}],"replies":[{"embeddable":true,"href":"https:\/\/zdigital.com.br\/z\/wp-json\/wp\/v2\/comments?post=1826"}],"version-history":[{"count":34,"href":"https:\/\/zdigital.com.br\/z\/wp-json\/wp\/v2\/pages\/1826\/revisions"}],"predecessor-version":[{"id":2327,"href":"https:\/\/zdigital.com.br\/z\/wp-json\/wp\/v2\/pages\/1826\/revisions\/2327"}],"wp:attachment":[{"href":"https:\/\/zdigital.com.br\/z\/wp-json\/wp\/v2\/media?parent=1826"}],"curies":[{"name":"wp","href":"https:\/\/api.w.org\/{rel}","templated":true}]}}