{"id":1749,"date":"2019-02-01T13:24:10","date_gmt":"2019-02-01T13:24:10","guid":{"rendered":"http:\/\/zdigital.com.br\/z\/?page_id=1749"},"modified":"2021-05-07T18:52:04","modified_gmt":"2021-05-07T18:52:04","slug":"design-grafico","status":"publish","type":"page","link":"https:\/\/zdigital.com.br\/z\/design-grafico\/","title":{"rendered":"Design Gr\u00e1fico"},"content":{"rendered":"<p style=\"text-align: center;\">A Zdigital desenvolve projetos gr\u00e1ficos para as \u00e1reas institucional, marketing e publicidade.<\/p>\n<p><img loading=\"lazy\" decoding=\"async\" class=\"aligncenter wp-image-2295 size-full\" src=\"https:\/\/zdigital.com.br\/z\/wp-content\/uploads\/2020\/07\/escrevendo-e1594316183674.jpg\" alt=\"\" width=\"1600\" height=\"919\" srcset=\"https:\/\/zdigital.com.br\/z\/wp-content\/uploads\/2020\/07\/escrevendo-e1594316183674.jpg 1600w, https:\/\/zdigital.com.br\/z\/wp-content\/uploads\/2020\/07\/escrevendo-e1594316183674-300x172.jpg 300w, https:\/\/zdigital.com.br\/z\/wp-content\/uploads\/2020\/07\/escrevendo-e1594316183674-1024x588.jpg 1024w, https:\/\/zdigital.com.br\/z\/wp-content\/uploads\/2020\/07\/escrevendo-e1594316183674-768x441.jpg 768w, https:\/\/zdigital.com.br\/z\/wp-content\/uploads\/2020\/07\/escrevendo-e1594316183674-1536x882.jpg 1536w\" sizes=\"auto, (max-width: 1600px) 100vw, 1600px\" \/><\/p>\n<h3 style=\"text-align: left;\"><span style=\"color: #008080;\">\u00c1REA INSTITUCIONAL<\/span><\/h3>\n<p style=\"text-align: left;\">Desenvolvimento de marca e logotipo, amplo trabalho de pesquisa e desenvolvimento de marca, com op\u00e7\u00e3o para registro no INPI.<\/p>\n<h3 style=\"text-align: left;\"><span style=\"color: #008080;\">\u00c1REA DE MARKETING\u00a0<\/span><\/h3>\n<p style=\"text-align: left;\">Desenvolvimento de embalagem, r\u00f3tulos, manuais de produto, cat\u00e1logos e pe\u00e7as gr\u00e1ficas institucionais referente a empresa seus produtos e servi\u00e7os.<\/p>\n<h3 style=\"text-align: left;\"><span style=\"color: #008080;\">\u00c1REA DE PUBLICIDADE<\/span><\/h3>\n<p style=\"text-align: left;\">Desenvolvimento de an\u00fancios, cat\u00e1logos, encartes, tabelas e material de divulga\u00e7\u00e3o e promo\u00e7\u00e3o.<\/p>\n<p style=\"text-align: center;\"><a class=\"maxbutton-9 maxbutton maxbutton-retorna-servicos\" title=\"Retorna\" href=\"http:\/\/zdigital.com.br\/z\/servicos\/\"><span class='mb-text'>RETORNA<\/span><\/a><\/p>\n","protected":false},"excerpt":{"rendered":"<p>A Zdigital desenvolve projetos gr\u00e1ficos para as \u00e1reas institucional, marketing e publicidade. \u00c1REA INSTITUCIONAL Desenvolvimento de marca e logotipo, amplo trabalho de pesquisa e desenvolvimento de marca, com op\u00e7\u00e3o para registro no INPI. \u00c1REA DE MARKETING\u00a0 Desenvolvimento de embalagem, r\u00f3tulos, <a href=\"https:\/\/zdigital.com.br\/z\/design-grafico\/\"><\/p>\n<div class=\"read-more\">\n<p>Read more &#8250;<\/p>\n<\/div>\n<p><!-- end of .read-more --><\/a><\/p>\n","protected":false},"author":1,"featured_media":0,"parent":0,"menu_order":0,"comment_status":"closed","ping_status":"closed","template":"","meta":{"footnotes":""},"class_list":["post-1749","page","type-page","status-publish","hentry"],"yoast_head":"<!-- This site is optimized with the Yoast SEO plugin v27.0 - https:\/\/yoast.com\/product\/yoast-seo-wordpress\/ -->\n<title>Design Gr\u00e1fico - Zdigital<\/title>\n<meta name=\"robots\" content=\"index, follow, max-snippet:-1, max-image-preview:large, max-video-preview:-1\" \/>\n<link rel=\"canonical\" href=\"https:\/\/zdigital.com.br\/z\/design-grafico\/\" \/>\n<meta property=\"og:locale\" content=\"pt_BR\" \/>\n<meta property=\"og:type\" content=\"article\" \/>\n<meta property=\"og:title\" content=\"Design Gr\u00e1fico - Zdigital\" \/>\n<meta property=\"og:description\" content=\"A Zdigital desenvolve projetos gr\u00e1ficos para as \u00e1reas institucional, marketing e publicidade. \u00c1REA INSTITUCIONAL Desenvolvimento de marca e logotipo, amplo trabalho de pesquisa e desenvolvimento de marca, com op\u00e7\u00e3o para registro no INPI. \u00c1REA DE MARKETING\u00a0 Desenvolvimento de embalagem, r\u00f3tulos, Read more &#8250;\" \/>\n<meta property=\"og:url\" content=\"https:\/\/zdigital.com.br\/z\/design-grafico\/\" \/>\n<meta property=\"og:site_name\" content=\"Zdigital\" \/>\n<meta property=\"article:modified_time\" content=\"2021-05-07T18:52:04+00:00\" \/>\n<meta property=\"og:image\" content=\"http:\/\/zdigital.com.br\/z\/wp-content\/uploads\/2020\/07\/escrevendo-e1594316183674.jpg\" \/>\n<meta name=\"twitter:card\" content=\"summary_large_image\" \/>\n<meta name=\"twitter:site\" content=\"@zdigit\" \/>\n<script type=\"application\/ld+json\" class=\"yoast-schema-graph\">{\"@context\":\"https:\/\/schema.org\",\"@graph\":[{\"@type\":\"WebPage\",\"@id\":\"https:\/\/zdigital.com.br\/z\/design-grafico\/\",\"url\":\"https:\/\/zdigital.com.br\/z\/design-grafico\/\",\"name\":\"Design Gr\u00e1fico - Zdigital\",\"isPartOf\":{\"@id\":\"https:\/\/zdigital.com.br\/z\/#website\"},\"primaryImageOfPage\":{\"@id\":\"https:\/\/zdigital.com.br\/z\/design-grafico\/#primaryimage\"},\"image\":{\"@id\":\"https:\/\/zdigital.com.br\/z\/design-grafico\/#primaryimage\"},\"thumbnailUrl\":\"http:\/\/zdigital.com.br\/z\/wp-content\/uploads\/2020\/07\/escrevendo-e1594316183674.jpg\",\"datePublished\":\"2019-02-01T13:24:10+00:00\",\"dateModified\":\"2021-05-07T18:52:04+00:00\",\"breadcrumb\":{\"@id\":\"https:\/\/zdigital.com.br\/z\/design-grafico\/#breadcrumb\"},\"inLanguage\":\"pt-BR\",\"potentialAction\":[{\"@type\":\"ReadAction\",\"target\":[\"https:\/\/zdigital.com.br\/z\/design-grafico\/\"]}]},{\"@type\":\"ImageObject\",\"inLanguage\":\"pt-BR\",\"@id\":\"https:\/\/zdigital.com.br\/z\/design-grafico\/#primaryimage\",\"url\":\"http:\/\/zdigital.com.br\/z\/wp-content\/uploads\/2020\/07\/escrevendo-e1594316183674.jpg\",\"contentUrl\":\"http:\/\/zdigital.com.br\/z\/wp-content\/uploads\/2020\/07\/escrevendo-e1594316183674.jpg\"},{\"@type\":\"BreadcrumbList\",\"@id\":\"https:\/\/zdigital.com.br\/z\/design-grafico\/#breadcrumb\",\"itemListElement\":[{\"@type\":\"ListItem\",\"position\":1,\"name\":\"In\u00edcio\",\"item\":\"https:\/\/zdigital.com.br\/z\/\"},{\"@type\":\"ListItem\",\"position\":2,\"name\":\"Design Gr\u00e1fico\"}]},{\"@type\":\"WebSite\",\"@id\":\"https:\/\/zdigital.com.br\/z\/#website\",\"url\":\"https:\/\/zdigital.com.br\/z\/\",\"name\":\"Zdigital\",\"description\":\"Graphics\",\"potentialAction\":[{\"@type\":\"SearchAction\",\"target\":{\"@type\":\"EntryPoint\",\"urlTemplate\":\"https:\/\/zdigital.com.br\/z\/?s={search_term_string}\"},\"query-input\":{\"@type\":\"PropertyValueSpecification\",\"valueRequired\":true,\"valueName\":\"search_term_string\"}}],\"inLanguage\":\"pt-BR\"}]}<\/script>\n<!-- \/ Yoast SEO plugin. -->","yoast_head_json":{"title":"Design Gr\u00e1fico - Zdigital","robots":{"index":"index","follow":"follow","max-snippet":"max-snippet:-1","max-image-preview":"max-image-preview:large","max-video-preview":"max-video-preview:-1"},"canonical":"https:\/\/zdigital.com.br\/z\/design-grafico\/","og_locale":"pt_BR","og_type":"article","og_title":"Design Gr\u00e1fico - Zdigital","og_description":"A Zdigital desenvolve projetos gr\u00e1ficos para as \u00e1reas institucional, marketing e publicidade. \u00c1REA INSTITUCIONAL Desenvolvimento de marca e logotipo, amplo trabalho de pesquisa e desenvolvimento de marca, com op\u00e7\u00e3o para registro no INPI. \u00c1REA DE MARKETING\u00a0 Desenvolvimento de embalagem, r\u00f3tulos, Read more &#8250;","og_url":"https:\/\/zdigital.com.br\/z\/design-grafico\/","og_site_name":"Zdigital","article_modified_time":"2021-05-07T18:52:04+00:00","og_image":[{"url":"http:\/\/zdigital.com.br\/z\/wp-content\/uploads\/2020\/07\/escrevendo-e1594316183674.jpg","type":"","width":"","height":""}],"twitter_card":"summary_large_image","twitter_site":"@zdigit","schema":{"@context":"https:\/\/schema.org","@graph":[{"@type":"WebPage","@id":"https:\/\/zdigital.com.br\/z\/design-grafico\/","url":"https:\/\/zdigital.com.br\/z\/design-grafico\/","name":"Design Gr\u00e1fico - Zdigital","isPartOf":{"@id":"https:\/\/zdigital.com.br\/z\/#website"},"primaryImageOfPage":{"@id":"https:\/\/zdigital.com.br\/z\/design-grafico\/#primaryimage"},"image":{"@id":"https:\/\/zdigital.com.br\/z\/design-grafico\/#primaryimage"},"thumbnailUrl":"http:\/\/zdigital.com.br\/z\/wp-content\/uploads\/2020\/07\/escrevendo-e1594316183674.jpg","datePublished":"2019-02-01T13:24:10+00:00","dateModified":"2021-05-07T18:52:04+00:00","breadcrumb":{"@id":"https:\/\/zdigital.com.br\/z\/design-grafico\/#breadcrumb"},"inLanguage":"pt-BR","potentialAction":[{"@type":"ReadAction","target":["https:\/\/zdigital.com.br\/z\/design-grafico\/"]}]},{"@type":"ImageObject","inLanguage":"pt-BR","@id":"https:\/\/zdigital.com.br\/z\/design-grafico\/#primaryimage","url":"http:\/\/zdigital.com.br\/z\/wp-content\/uploads\/2020\/07\/escrevendo-e1594316183674.jpg","contentUrl":"http:\/\/zdigital.com.br\/z\/wp-content\/uploads\/2020\/07\/escrevendo-e1594316183674.jpg"},{"@type":"BreadcrumbList","@id":"https:\/\/zdigital.com.br\/z\/design-grafico\/#breadcrumb","itemListElement":[{"@type":"ListItem","position":1,"name":"In\u00edcio","item":"https:\/\/zdigital.com.br\/z\/"},{"@type":"ListItem","position":2,"name":"Design Gr\u00e1fico"}]},{"@type":"WebSite","@id":"https:\/\/zdigital.com.br\/z\/#website","url":"https:\/\/zdigital.com.br\/z\/","name":"Zdigital","description":"Graphics","potentialAction":[{"@type":"SearchAction","target":{"@type":"EntryPoint","urlTemplate":"https:\/\/zdigital.com.br\/z\/?s={search_term_string}"},"query-input":{"@type":"PropertyValueSpecification","valueRequired":true,"valueName":"search_term_string"}}],"inLanguage":"pt-BR"}]}},"_links":{"self":[{"href":"https:\/\/zdigital.com.br\/z\/wp-json\/wp\/v2\/pages\/1749","targetHints":{"allow":["GET"]}}],"collection":[{"href":"https:\/\/zdigital.com.br\/z\/wp-json\/wp\/v2\/pages"}],"about":[{"href":"https:\/\/zdigital.com.br\/z\/wp-json\/wp\/v2\/types\/page"}],"author":[{"embeddable":true,"href":"https:\/\/zdigital.com.br\/z\/wp-json\/wp\/v2\/users\/1"}],"replies":[{"embeddable":true,"href":"https:\/\/zdigital.com.br\/z\/wp-json\/wp\/v2\/comments?post=1749"}],"version-history":[{"count":24,"href":"https:\/\/zdigital.com.br\/z\/wp-json\/wp\/v2\/pages\/1749\/revisions"}],"predecessor-version":[{"id":2325,"href":"https:\/\/zdigital.com.br\/z\/wp-json\/wp\/v2\/pages\/1749\/revisions\/2325"}],"wp:attachment":[{"href":"https:\/\/zdigital.com.br\/z\/wp-json\/wp\/v2\/media?parent=1749"}],"curies":[{"name":"wp","href":"https:\/\/api.w.org\/{rel}","templated":true}]}}